{"id":5014,"date":"2021-12-16T22:43:05","date_gmt":"2021-12-16T21:43:05","guid":{"rendered":"https:\/\/federica-shop.castek.at\/boutique\/"},"modified":"2024-06-12T10:27:43","modified_gmt":"2024-06-12T08:27:43","slug":"boutique","status":"publish","type":"page","link":"https:\/\/federica-shop.castek.at\/en\/boutique\/","title":{"rendered":"Boutique"},"content":{"rendered":"[et_pb_section fb_built=&#8221;1&#8243; _builder_version=&#8221;4.16&#8243; _module_preset=&#8221;default&#8221; custom_margin=&#8221;0px||0px||false|false&#8221; custom_padding=&#8221;0px||0px||false|false&#8221; da_disable_devices=&#8221;off|off|off&#8221; locked=&#8221;off&#8221; global_colors_info=&#8221;{}&#8221; da_is_popup=&#8221;off&#8221; da_exit_intent=&#8221;off&#8221; da_has_close=&#8221;on&#8221; da_alt_close=&#8221;off&#8221; da_dark_close=&#8221;off&#8221; da_not_modal=&#8221;on&#8221; da_is_singular=&#8221;off&#8221; da_with_loader=&#8221;off&#8221; da_has_shadow=&#8221;on&#8221;][et_pb_row _builder_version=&#8221;4.16&#8243; _module_preset=&#8221;default&#8221; width=&#8221;100%&#8221; max_width=&#8221;4000px&#8221; custom_margin=&#8221;0px|0px|0px|0px|false|false&#8221; custom_padding=&#8221;0px|0px|0px|0px|false|false&#8221; global_colors_info=&#8221;{}&#8221;][et_pb_column type=&#8221;4_4&#8243; _builder_version=&#8221;4.16&#8243; _module_preset=&#8221;default&#8221; global_colors_info=&#8221;{}&#8221;][et_pb_slider show_arrows=&#8221;off&#8221; admin_label=&#8221;Slider&#8221; _builder_version=&#8221;4.16&#8243; _module_preset=&#8221;default&#8221; z_index=&#8221;8&#8243; min_height=&#8221;100vh&#8221; min_height_tablet=&#8221;84vh&#8221; min_height_phone=&#8221;84vh&#8221; min_height_last_edited=&#8221;on|phone&#8221; custom_margin=&#8221;0px||0px||false|false&#8221; custom_padding=&#8221;0px||0px||false|false&#8221; auto=&#8221;on&#8221; auto_speed=&#8221;6200&#8243; auto_ignore_hover=&#8221;on&#8221; global_colors_info=&#8221;{}&#8221;][et_pb_slide _builder_version=&#8221;4.16&#8243; _module_preset=&#8221;default&#8221; background_enable_color=&#8221;off&#8221; background_image=&#8221;https:\/\/federica-shop.castek.at\/wp-content\/uploads\/2021\/12\/fdr-header-5.jpg&#8221; background_enable_image=&#8221;on&#8221; parallax=&#8221;on&#8221; parallax_method=&#8221;off&#8221; global_colors_info=&#8221;{}&#8221; sticky_transition=&#8221;on&#8221;][\/et_pb_slide][\/et_pb_slider][et_pb_slider show_arrows=&#8221;off&#8221; disabled_on=&#8221;on|on|on&#8221; _builder_version=&#8221;4.16&#8243; _module_preset=&#8221;default&#8221; z_index=&#8221;8&#8243; min_height=&#8221;100vh&#8221; custom_margin=&#8221;0px||0px||false|false&#8221; custom_padding=&#8221;0px||0px||false|false&#8221; auto=&#8221;on&#8221; auto_speed=&#8221;6200&#8243; auto_ignore_hover=&#8221;on&#8221; disabled=&#8221;on&#8221; global_colors_info=&#8221;{}&#8221;][et_pb_slide _builder_version=&#8221;4.16&#8243; _module_preset=&#8221;default&#8221; background_enable_color=&#8221;off&#8221; background_image=&#8221;https:\/\/federica-shop.castek.at\/wp-content\/uploads\/2020\/09\/federica-bg1.jpg&#8221; background_enable_image=&#8221;on&#8221; parallax=&#8221;on&#8221; parallax_method=&#8221;off&#8221; global_colors_info=&#8221;{}&#8221; sticky_transition=&#8221;on&#8221;][\/et_pb_slide][et_pb_slide _builder_version=&#8221;4.16&#8243; _module_preset=&#8221;default&#8221; background_enable_color=&#8221;off&#8221; background_image=&#8221;https:\/\/federica-shop.castek.at\/wp-content\/uploads\/2020\/09\/federica-bg-8.jpg&#8221; background_enable_image=&#8221;on&#8221; parallax=&#8221;on&#8221; parallax_method=&#8221;off&#8221; global_colors_info=&#8221;{}&#8221; sticky_transition=&#8221;on&#8221;][\/et_pb_slide][et_pb_slide _builder_version=&#8221;4.16&#8243; _module_preset=&#8221;default&#8221; background_enable_color=&#8221;off&#8221; background_image=&#8221;https:\/\/federica-shop.castek.at\/wp-content\/uploads\/2020\/10\/federica-slider-10.jpg&#8221; background_enable_image=&#8221;on&#8221; parallax=&#8221;on&#8221; parallax_method=&#8221;off&#8221; global_colors_info=&#8221;{}&#8221; sticky_transition=&#8221;on&#8221;][\/et_pb_slide][et_pb_slide _builder_version=&#8221;4.16&#8243; _module_preset=&#8221;default&#8221; background_enable_color=&#8221;off&#8221; background_image=&#8221;https:\/\/federica-shop.castek.at\/wp-content\/uploads\/2020\/10\/federica-slider-9.jpg&#8221; background_enable_image=&#8221;on&#8221; parallax=&#8221;on&#8221; parallax_method=&#8221;off&#8221; global_colors_info=&#8221;{}&#8221; sticky_transition=&#8221;on&#8221;][\/et_pb_slide][et_pb_slide _builder_version=&#8221;4.16&#8243; _module_preset=&#8221;default&#8221; background_enable_color=&#8221;off&#8221; background_image=&#8221;https:\/\/federica-shop.castek.at\/wp-content\/uploads\/2020\/10\/federica-slider-11.jpg&#8221; background_enable_image=&#8221;on&#8221; parallax=&#8221;on&#8221; parallax_method=&#8221;off&#8221; global_colors_info=&#8221;{}&#8221; sticky_transition=&#8221;on&#8221;][\/et_pb_slide][\/et_pb_slider][et_pb_text admin_label=&#8221;HEAD&#8221; module_class=&#8221;bigheadline&#8221; _builder_version=&#8221;4.16&#8243; header_font=&#8221;strt-book-italic||||||||&#8221; positioning=&#8221;absolute&#8221; position_origin_a=&#8221;center_center&#8221; z_index=&#8221;10&#8243; background_layout=&#8221;dark&#8221; width=&#8221;80%&#8221; custom_margin=&#8221;-25px||||false|false&#8221; scroll_fade_enable=&#8221;on&#8221; scroll_fade=&#8221;0|50|50|100|100%|100|0%&#8221; scroll_blur=&#8221;0|35|65|100|0px|0px|50px&#8221; motion_trigger_start=&#8221;top&#8221; global_colors_info=&#8221;{}&#8221;]\n<h1>Das Gesch\u00e4ft<\/h1>\n[\/et_pb_text][\/et_pb_column][\/et_pb_row][\/et_pb_section][et_pb_section fb_built=&#8221;1&#8243; prev_background_color=&#8221;#ffffff&#8221; _builder_version=&#8221;4.16&#8243; background_color=&#8221;#FFFFFF&#8221; use_background_color_gradient=&#8221;on&#8221; background_color_gradient_direction=&#8221;75deg&#8221; background_color_gradient_stops=&#8221;rgba(255,255,255,0) 4%|#ffffff 50%&#8221; background_color_gradient_overlays_image=&#8221;on&#8221; background_color_gradient_start=&#8221;rgba(255,255,255,0)&#8221; background_color_gradient_start_position=&#8221;4%&#8221; background_color_gradient_end=&#8221;#ffffff&#8221; background_color_gradient_end_position=&#8221;50%&#8221; background_enable_image=&#8221;off&#8221; background_position=&#8221;top_left&#8221; custom_margin=&#8221;0px|0px|0px|0px|false|false&#8221; custom_padding=&#8221;0px|0px|0px|0px|false|false&#8221; top_divider_style=&#8221;none&#8221; bottom_divider_color=&#8221;#E3E1DE&#8221; animation_style=&#8221;fade&#8221; background_last_edited=&#8221;on|phone&#8221; background_enable_image_tablet=&#8221;off&#8221; da_disable_devices=&#8221;off|off|off&#8221; border_width_top=&#8221;1px&#8221; border_color_top=&#8221;#36353c&#8221; locked=&#8221;off&#8221; global_colors_info=&#8221;{}&#8221; da_is_popup=&#8221;off&#8221; da_exit_intent=&#8221;off&#8221; da_has_close=&#8221;on&#8221; da_alt_close=&#8221;off&#8221; da_dark_close=&#8221;off&#8221; da_not_modal=&#8221;on&#8221; da_is_singular=&#8221;off&#8221; da_with_loader=&#8221;off&#8221; da_has_shadow=&#8221;on&#8221;][et_pb_row column_structure=&#8221;1_3,1_3,1_3&#8243; use_custom_gutter=&#8221;on&#8221; gutter_width=&#8221;1&#8243; make_equal=&#8221;on&#8221; _builder_version=&#8221;4.16&#8243; positioning=&#8221;absolute&#8221; width=&#8221;100%&#8221; max_width=&#8221;4000px&#8221; custom_margin=&#8221;0px|0px|0px|0px|false|false&#8221; custom_padding=&#8221;0px|0px|0px|0px|false|false&#8221; locked=&#8221;off&#8221; global_colors_info=&#8221;{}&#8221;][et_pb_column type=&#8221;1_3&#8243; _builder_version=&#8221;4.16&#8243; global_colors_info=&#8221;{}&#8221;][et_pb_text admin_label=&#8221;crumbs&#8221; module_class=&#8221;crumbs&#8221; _builder_version=&#8221;4.18.0&#8243; _module_preset=&#8221;default&#8221; text_line_height=&#8221;1.3em&#8221; custom_padding=&#8221;10px|10px|10px|10px|false|false&#8221; hover_enabled=&#8221;0&#8243; global_module=&#8221;3284&#8243; saved_tabs=&#8221;all&#8221; global_colors_info=&#8221;{}&#8221; sticky_enabled=&#8221;0&#8243;]\n<span><span><a href=\"https:\/\/federica-shop.castek.at\/en\/home-couture\/\">Home Couture<\/a><\/span><\/span>\n[\/et_pb_text][\/et_pb_column][et_pb_column type=&#8221;1_3&#8243; _builder_version=&#8221;4.16&#8243; background_enable_color=&#8221;off&#8221; custom_padding=&#8221;||||false|false&#8221; global_colors_info=&#8221;{}&#8221;][\/et_pb_column][et_pb_column type=&#8221;1_3&#8243; _builder_version=&#8221;4.16&#8243; background_enable_color=&#8221;off&#8221; custom_padding=&#8221;||||false|false&#8221; global_colors_info=&#8221;{}&#8221;][\/et_pb_column][\/et_pb_row][et_pb_row column_structure=&#8221;1_3,1_3,1_3&#8243; use_custom_gutter=&#8221;on&#8221; gutter_width=&#8221;1&#8243; make_equal=&#8221;on&#8221; custom_padding_last_edited=&#8221;on|phone&#8221; _builder_version=&#8221;4.16&#8243; positioning=&#8221;none&#8221; position_origin_a=&#8221;center_center&#8221; position_origin_a_tablet=&#8221;center_center&#8221; position_origin_a_phone=&#8221;center_center&#8221; position_origin_a_last_edited=&#8221;on|desktop&#8221; position_origin_f_tablet=&#8221;&#8221; position_origin_f_phone=&#8221;&#8221; position_origin_f_last_edited=&#8221;on|desktop&#8221; position_origin_r_tablet=&#8221;&#8221; position_origin_r_phone=&#8221;&#8221; position_origin_r_last_edited=&#8221;on|desktop&#8221; width=&#8221;100%&#8221; max_width=&#8221;4000px&#8221; custom_margin=&#8221;0px|0px|0px|0px|false|false&#8221; custom_padding=&#8221;200px|0px|200px|0px|false|false&#8221; custom_padding_tablet=&#8221;200px||80px||false|false&#8221; custom_padding_phone=&#8221;80px|0px|80px|0px|false|false&#8221; positioning_tablet=&#8221;none&#8221; positioning_phone=&#8221;none&#8221; positioning_last_edited=&#8221;on|desktop&#8221; global_colors_info=&#8221;{}&#8221;][et_pb_column type=&#8221;1_3&#8243; _builder_version=&#8221;4.16&#8243; global_colors_info=&#8221;{}&#8221;][et_pb_text disabled_on=&#8221;on|on|on&#8221; _builder_version=&#8221;4.18.0&#8243; positioning=&#8221;absolute&#8221; vertical_offset=&#8221;75px&#8221; position_origin_a_tablet=&#8221;&#8221; position_origin_a_phone=&#8221;&#8221; position_origin_a_last_edited=&#8221;on|tablet&#8221; position_origin_f_tablet=&#8221;&#8221; position_origin_f_phone=&#8221;&#8221; position_origin_f_last_edited=&#8221;on|desktop&#8221; position_origin_r_tablet=&#8221;&#8221; position_origin_r_phone=&#8221;&#8221; position_origin_r_last_edited=&#8221;on|desktop&#8221; text_orientation=&#8221;center&#8221; width=&#8221;100%&#8221; hover_enabled=&#8221;0&#8243; positioning_tablet=&#8221;none&#8221; positioning_phone=&#8221;&#8221; positioning_last_edited=&#8221;on|phone&#8221; disabled=&#8221;on&#8221; global_colors_info=&#8221;{}&#8221; sticky_enabled=&#8221;0&#8243;]\n<h2>Besondere Anl\u00e4sse<\/h2>\n[\/et_pb_text][\/et_pb_column][et_pb_column type=&#8221;1_3&#8243; _builder_version=&#8221;4.16&#8243; background_enable_color=&#8221;off&#8221; custom_padding=&#8221;||||false|false&#8221; global_colors_info=&#8221;{}&#8221;][et_pb_text _builder_version=&#8221;4.18.0&#8243; _module_preset=&#8221;default&#8221; text_line_height=&#8221;1em&#8221; header_font=&#8221;||on||||||&#8221; text_orientation=&#8221;center&#8221; custom_padding=&#8221;|10%|||false|false&#8221; custom_padding_tablet=&#8221;|||10%|false|false&#8221; custom_padding_phone=&#8221;|10%|||false|false&#8221; custom_padding_last_edited=&#8221;on|desktop&#8221; global_colors_info=&#8221;{}&#8221;]\n<h2>Ich freue mich auf Ihren Besuch!<\/h2>\n<h5><\/h5>\n<h5><\/h5>\n<h5>Ein Schritt zur\u00fcck, Tradition als Bezugspunkt, mit feinen Stoffen, Liebe zum Detail, und dezentem Geschmack, wir tun unser Bestes um es an eure Bed\u00fcrfnisse anzupassen.<\/h5>\n<p>&nbsp;<\/p>\n<h5><\/h5>\n<h5>F\u00fcr Hotels stehen Muster, Monogramme mit eigenem Logo, f\u00fcr Bettw\u00e4sche, Bettdecken und Frottee zur Verf\u00fcgung.<\/h5>\n<hr \/>\n<p>&nbsp;<\/p>\n<p>&nbsp;<br \/>\n[\/et_pb_text][et_pb_image title_text=&#8221;homepage&#8221; force_fullwidth=&#8221;on&#8221; disabled_on=&#8221;on|on|on&#8221; _builder_version=&#8221;4.18.0&#8243; _module_preset=&#8221;default&#8221; custom_margin_tablet=&#8221;|0px|||false|false&#8221; custom_margin_phone=&#8221;|-150px|||false|false&#8221; custom_margin_last_edited=&#8221;off|desktop&#8221; scroll_vertical_motion_enable=&#8221;on&#8221; scroll_vertical_motion=&#8221;0|50|50|100|1|0|-1&#8243; motion_trigger_start=&#8221;bottom&#8221; box_shadow_style=&#8221;preset2&#8243; box_shadow_horizontal=&#8221;5px&#8221; box_shadow_vertical=&#8221;5px&#8221; box_shadow_blur=&#8221;5px&#8221; disabled=&#8221;on&#8221; global_colors_info=&#8221;{}&#8221;][\/et_pb_image][\/et_pb_column][et_pb_column type=&#8221;1_3&#8243; _builder_version=&#8221;4.16&#8243; background_enable_color=&#8221;off&#8221; custom_padding=&#8221;||||false|false&#8221; global_colors_info=&#8221;{}&#8221;][et_pb_divider divider_position=&#8221;center&#8221; disabled_on=&#8221;on|on|on&#8221; _builder_version=&#8221;4.18.0&#8243; _module_preset=&#8221;default&#8221; height=&#8221;40px&#8221; disabled global_colors_info=&#8221;{}&#8221;][\/et_pb_divider][\/et_pb_column][\/et_pb_row][\/et_pb_section][et_pb_section fb_built=&#8221;1&#8243; prev_background_color=&#8221;#FFFFFF&#8221; disabled_on=&#8221;on|on|on&#8221; _builder_version=&#8221;4.16&#8243; use_background_color_gradient=&#8221;on&#8221; background_color_gradient_direction=&#8221;75deg&#8221; background_color_gradient_stops=&#8221;rgba(255,255,255,0) 4%|#ffffff 50%&#8221; background_color_gradient_overlays_image=&#8221;on&#8221; background_color_gradient_start=&#8221;rgba(255,255,255,0)&#8221; background_color_gradient_start_position=&#8221;4%&#8221; background_color_gradient_end=&#8221;#ffffff&#8221; background_color_gradient_end_position=&#8221;50%&#8221; background_image=&#8221;https:\/\/federica-shop.castek.at\/wp-content\/uploads\/2020\/07\/federica-bg-3.jpg&#8221; background_position=&#8221;top_left&#8221; custom_margin=&#8221;0px|0px|0px|0px|false|false&#8221; custom_padding=&#8221;0px|0px|0px|0px|false|false&#8221; top_divider_style=&#8221;none&#8221; bottom_divider_color=&#8221;#E3E1DE&#8221; animation_style=&#8221;fade&#8221; background_last_edited=&#8221;on|phone&#8221; background_enable_image_tablet=&#8221;off&#8221; da_disable_devices=&#8221;off|off|off&#8221; border_width_top=&#8221;1px&#8221; border_color_top=&#8221;#36353c&#8221; disabled=&#8221;on&#8221; locked=&#8221;off&#8221; global_colors_info=&#8221;{}&#8221; da_is_popup=&#8221;off&#8221; da_exit_intent=&#8221;off&#8221; da_has_close=&#8221;on&#8221; da_alt_close=&#8221;off&#8221; da_dark_close=&#8221;off&#8221; da_not_modal=&#8221;on&#8221; da_is_singular=&#8221;off&#8221; da_with_loader=&#8221;off&#8221; da_has_shadow=&#8221;on&#8221;][et_pb_row use_custom_gutter=&#8221;on&#8221; gutter_width=&#8221;1&#8243; make_equal=&#8221;on&#8221; _builder_version=&#8221;4.16&#8243; positioning=&#8221;none&#8221; position_origin_a=&#8221;center_center&#8221; width=&#8221;100%&#8221; max_width=&#8221;4000px&#8221; custom_margin=&#8221;0px|0px|0px|0px|false|false&#8221; custom_padding=&#8221;0px|0px|0px|0px|false|false&#8221; global_colors_info=&#8221;{}&#8221;][et_pb_column type=&#8221;4_4&#8243; _builder_version=&#8221;4.16&#8243; global_colors_info=&#8221;{}&#8221;][et_pb_image title_text=&#8221;shop outside&#8221; _builder_version=&#8221;4.18.0&#8243; _module_preset=&#8221;default&#8221; global_colors_info=&#8221;{}&#8221;][\/et_pb_image][\/et_pb_column][\/et_pb_row][\/et_pb_section]\n","protected":false},"excerpt":{"rendered":"<p>Das Gesch\u00e4ft <span><span><a href=\"https:\/\/federica-shop.castek.at\/en\/home-couture\/\">Home Couture<\/a><\/span><\/span> Besondere Anl\u00e4sse Ich freue mich auf Ihren Besuch! Ein Schritt zur\u00fcck, Tradition als Bezugspunkt, mit feinen Stoffen, Liebe zum Detail, und dezentem Geschmack, wir tun unser Bestes um es an eure Bed\u00fcrfnisse anzupassen. &nbsp; F\u00fcr Hotels stehen Muster, Monogramme mit eigenem Logo, f\u00fcr Bettw\u00e4sche, Bettdecken und Frottee zur Verf\u00fcgung. &nbsp; &nbsp;<\/p>\n","protected":false},"author":1,"featured_media":0,"parent":0,"menu_order":0,"comment_status":"closed","ping_status":"closed","template":"","meta":{"_et_pb_use_builder":"on","_et_pb_old_content":"","_et_gb_content_width":"","om_disable_all_campaigns":false,"inline_featured_image":false,"_monsterinsights_skip_tracking":false,"_monsterinsights_sitenote_active":false,"_monsterinsights_sitenote_note":"","_monsterinsights_sitenote_category":0,"footnotes":""},"class_list":["post-5014","page","type-page","status-publish","hentry"],"yoast_head":"<!-- This site is optimized with the Yoast SEO plugin v21.1 - https:\/\/yoast.com\/wordpress\/plugins\/seo\/ -->\n<title>Fachgesch\u00e4ft in Wien f\u00fcr feine Bett-Tischw\u00e4sche in Wien<\/title>\n<meta name=\"description\" content=\"Das Fachgesch\u00e4ft f\u00fcr eine Auswahl an edlen Stoffen, wie Leinen, Seide, Baumwolle in Supima Qualit\u00e4t und spezielle Sea Island Baumwolle\" \/>\n<meta name=\"robots\" content=\"noindex, follow, max-snippet:-1, max-image-preview:large, max-video-preview:-1\" \/>\n<meta property=\"og:locale\" content=\"en_US\" \/>\n<meta property=\"og:type\" content=\"article\" \/>\n<meta property=\"og:title\" content=\"Fachgesch\u00e4ft in Wien f\u00fcr feine Bett-Tischw\u00e4sche in Wien\" \/>\n<meta property=\"og:description\" content=\"Das Fachgesch\u00e4ft f\u00fcr eine Auswahl an edlen Stoffen, wie Leinen, Seide, Baumwolle in Supima Qualit\u00e4t und spezielle Sea Island Baumwolle\" \/>\n<meta property=\"og:url\" content=\"https:\/\/federica-shop.castek.at\/en\/boutique\/\" \/>\n<meta property=\"og:site_name\" content=\"Federica Tabarretti\" \/>\n<meta property=\"article:modified_time\" content=\"2024-06-12T08:27:43+00:00\" \/>\n<meta name=\"twitter:card\" content=\"summary_large_image\" \/>\n<meta name=\"twitter:label1\" content=\"Est. reading time\" \/>\n\t<meta name=\"twitter:data1\" content=\"8 minutes\" \/>\n<script type=\"application\/ld+json\" class=\"yoast-schema-graph\">{\"@context\":\"https:\/\/schema.org\",\"@graph\":[{\"@type\":\"WebPage\",\"@id\":\"https:\/\/federica-shop.castek.at\/en\/boutique\/\",\"url\":\"https:\/\/federica-shop.castek.at\/en\/boutique\/\",\"name\":\"Fachgesch\u00e4ft in Wien f\u00fcr feine Bett-Tischw\u00e4sche in Wien\",\"isPartOf\":{\"@id\":\"https:\/\/federica-shop.castek.at\/en\/#website\"},\"datePublished\":\"2021-12-16T21:43:05+00:00\",\"dateModified\":\"2024-06-12T08:27:43+00:00\",\"description\":\"Das Fachgesch\u00e4ft f\u00fcr eine Auswahl an edlen Stoffen, wie Leinen, Seide, Baumwolle in Supima Qualit\u00e4t und spezielle Sea Island Baumwolle\",\"breadcrumb\":{\"@id\":\"https:\/\/federica-shop.castek.at\/en\/boutique\/#breadcrumb\"},\"inLanguage\":\"en-US\",\"potentialAction\":[{\"@type\":\"ReadAction\",\"target\":[\"https:\/\/federica-shop.castek.at\/en\/boutique\/\"]}]},{\"@type\":\"BreadcrumbList\",\"@id\":\"https:\/\/federica-shop.castek.at\/en\/boutique\/#breadcrumb\",\"itemListElement\":[{\"@type\":\"ListItem\",\"position\":1,\"name\":\"Home Couture\",\"item\":\"https:\/\/federica-shop.castek.at\/en\/home-couture\/\"},{\"@type\":\"ListItem\",\"position\":2,\"name\":\"Boutique\"}]},{\"@type\":\"WebSite\",\"@id\":\"https:\/\/federica-shop.castek.at\/en\/#website\",\"url\":\"https:\/\/federica-shop.castek.at\/en\/\",\"name\":\"Federica Tabarretti\",\"description\":\"Home Couture made in Italy\",\"publisher\":{\"@id\":\"https:\/\/federica-shop.castek.at\/en\/#organization\"},\"alternateName\":\"federica\",\"potentialAction\":[{\"@type\":\"SearchAction\",\"target\":{\"@type\":\"EntryPoint\",\"urlTemplate\":\"https:\/\/federica-shop.castek.at\/en\/?s={search_term_string}\"},\"query-input\":\"required name=search_term_string\"}],\"inLanguage\":\"en-US\"},{\"@type\":\"Organization\",\"@id\":\"https:\/\/federica-shop.castek.at\/en\/#organization\",\"name\":\"Federica Tabarretti\",\"url\":\"https:\/\/federica-shop.castek.at\/en\/\",\"logo\":{\"@type\":\"ImageObject\",\"inLanguage\":\"en-US\",\"@id\":\"https:\/\/federica-shop.castek.at\/en\/#\/schema\/logo\/image\/\",\"url\":\"https:\/\/federica-shop.castek.at\/wp-content\/uploads\/2020\/10\/Federica-Tabarretti-Logo.png\",\"contentUrl\":\"https:\/\/federica-shop.castek.at\/wp-content\/uploads\/2020\/10\/Federica-Tabarretti-Logo.png\",\"width\":1550,\"height\":1104,\"caption\":\"Federica Tabarretti\"},\"image\":{\"@id\":\"https:\/\/federica-shop.castek.at\/en\/#\/schema\/logo\/image\/\"},\"sameAs\":[\"https:\/\/www.instagram.com\/federica_tabarretti\/?hl=de\"]}]}<\/script>\n<!-- \/ Yoast SEO plugin. -->","yoast_head_json":{"title":"Fachgesch\u00e4ft in Wien f\u00fcr feine Bett-Tischw\u00e4sche in Wien","description":"Das Fachgesch\u00e4ft f\u00fcr eine Auswahl an edlen Stoffen, wie Leinen, Seide, Baumwolle in Supima Qualit\u00e4t und spezielle Sea Island Baumwolle","robots":{"index":"noindex","follow":"follow","max-snippet":"max-snippet:-1","max-image-preview":"max-image-preview:large","max-video-preview":"max-video-preview:-1"},"og_locale":"en_US","og_type":"article","og_title":"Fachgesch\u00e4ft in Wien f\u00fcr feine Bett-Tischw\u00e4sche in Wien","og_description":"Das Fachgesch\u00e4ft f\u00fcr eine Auswahl an edlen Stoffen, wie Leinen, Seide, Baumwolle in Supima Qualit\u00e4t und spezielle Sea Island Baumwolle","og_url":"https:\/\/federica-shop.castek.at\/en\/boutique\/","og_site_name":"Federica Tabarretti","article_modified_time":"2024-06-12T08:27:43+00:00","twitter_card":"summary_large_image","twitter_misc":{"Est. reading time":"8 minutes"},"schema":{"@context":"https:\/\/schema.org","@graph":[{"@type":"WebPage","@id":"https:\/\/federica-shop.castek.at\/en\/boutique\/","url":"https:\/\/federica-shop.castek.at\/en\/boutique\/","name":"Fachgesch\u00e4ft in Wien f\u00fcr feine Bett-Tischw\u00e4sche in Wien","isPartOf":{"@id":"https:\/\/federica-shop.castek.at\/en\/#website"},"datePublished":"2021-12-16T21:43:05+00:00","dateModified":"2024-06-12T08:27:43+00:00","description":"Das Fachgesch\u00e4ft f\u00fcr eine Auswahl an edlen Stoffen, wie Leinen, Seide, Baumwolle in Supima Qualit\u00e4t und spezielle Sea Island Baumwolle","breadcrumb":{"@id":"https:\/\/federica-shop.castek.at\/en\/boutique\/#breadcrumb"},"inLanguage":"en-US","potentialAction":[{"@type":"ReadAction","target":["https:\/\/federica-shop.castek.at\/en\/boutique\/"]}]},{"@type":"BreadcrumbList","@id":"https:\/\/federica-shop.castek.at\/en\/boutique\/#breadcrumb","itemListElement":[{"@type":"ListItem","position":1,"name":"Home Couture","item":"https:\/\/federica-shop.castek.at\/en\/home-couture\/"},{"@type":"ListItem","position":2,"name":"Boutique"}]},{"@type":"WebSite","@id":"https:\/\/federica-shop.castek.at\/en\/#website","url":"https:\/\/federica-shop.castek.at\/en\/","name":"Federica Tabarretti","description":"Home Couture made in Italy","publisher":{"@id":"https:\/\/federica-shop.castek.at\/en\/#organization"},"alternateName":"federica","potentialAction":[{"@type":"SearchAction","target":{"@type":"EntryPoint","urlTemplate":"https:\/\/federica-shop.castek.at\/en\/?s={search_term_string}"},"query-input":"required name=search_term_string"}],"inLanguage":"en-US"},{"@type":"Organization","@id":"https:\/\/federica-shop.castek.at\/en\/#organization","name":"Federica Tabarretti","url":"https:\/\/federica-shop.castek.at\/en\/","logo":{"@type":"ImageObject","inLanguage":"en-US","@id":"https:\/\/federica-shop.castek.at\/en\/#\/schema\/logo\/image\/","url":"https:\/\/federica-shop.castek.at\/wp-content\/uploads\/2020\/10\/Federica-Tabarretti-Logo.png","contentUrl":"https:\/\/federica-shop.castek.at\/wp-content\/uploads\/2020\/10\/Federica-Tabarretti-Logo.png","width":1550,"height":1104,"caption":"Federica Tabarretti"},"image":{"@id":"https:\/\/federica-shop.castek.at\/en\/#\/schema\/logo\/image\/"},"sameAs":["https:\/\/www.instagram.com\/federica_tabarretti\/?hl=de"]}]}},"_links":{"self":[{"href":"https:\/\/federica-shop.castek.at\/en\/wp-json\/wp\/v2\/pages\/5014","targetHints":{"allow":["GET"]}}],"collection":[{"href":"https:\/\/federica-shop.castek.at\/en\/wp-json\/wp\/v2\/pages"}],"about":[{"href":"https:\/\/federica-shop.castek.at\/en\/wp-json\/wp\/v2\/types\/page"}],"author":[{"embeddable":true,"href":"https:\/\/federica-shop.castek.at\/en\/wp-json\/wp\/v2\/users\/1"}],"replies":[{"embeddable":true,"href":"https:\/\/federica-shop.castek.at\/en\/wp-json\/wp\/v2\/comments?post=5014"}],"version-history":[{"count":10,"href":"https:\/\/federica-shop.castek.at\/en\/wp-json\/wp\/v2\/pages\/5014\/revisions"}],"predecessor-version":[{"id":5508,"href":"https:\/\/federica-shop.castek.at\/en\/wp-json\/wp\/v2\/pages\/5014\/revisions\/5508"}],"wp:attachment":[{"href":"https:\/\/federica-shop.castek.at\/en\/wp-json\/wp\/v2\/media?parent=5014"}],"curies":[{"name":"wp","href":"https:\/\/api.w.org\/{rel}","templated":true}]}}