{"id":5023,"date":"2020-06-26T13:47:48","date_gmt":"2020-06-26T11:47:48","guid":{"rendered":"https:\/\/federica-shop.castek.at\/impressum-datenschutzerklaerung\/"},"modified":"2024-06-05T13:35:09","modified_gmt":"2024-06-05T11:35:09","slug":"impressum-datenschutzerklaerung","status":"publish","type":"page","link":"https:\/\/federica-shop.castek.at\/en\/impressum-datenschutzerklaerung\/","title":{"rendered":"Imprint &amp; GDPR (german)"},"content":{"rendered":"[et_pb_section fb_built=&#8221;1&#8243; prev_background_color=&#8221;#ffffff&#8221; module_class=&#8221;keinhintergrund&#8221; _builder_version=&#8221;4.16&#8243; use_background_color_gradient=&#8221;on&#8221; background_color_gradient_direction=&#8221;90deg&#8221; background_color_gradient_stops=&#8221;rgba(255,255,255,0) 15%|#ffffff 60%&#8221; background_color_gradient_overlays_image=&#8221;on&#8221; background_color_gradient_start=&#8221;rgba(255,255,255,0)&#8221; background_color_gradient_start_position=&#8221;15%&#8221; background_color_gradient_end=&#8221;#ffffff&#8221; background_color_gradient_end_position=&#8221;60%&#8221; background_enable_image=&#8221;off&#8221; background_repeat=&#8221;repeat&#8221; custom_padding=&#8221;||150px||false|false&#8221; top_divider_style=&#8221;none&#8221; bottom_divider_color=&#8221;#c8d1eb&#8221; background_last_edited=&#8221;on|phone&#8221; background_enable_image_tablet=&#8221;off&#8221; da_disable_devices=&#8221;off|off|off&#8221; locked=&#8221;off&#8221; global_colors_info=&#8221;{}&#8221; da_is_popup=&#8221;off&#8221; da_exit_intent=&#8221;off&#8221; da_has_close=&#8221;on&#8221; da_alt_close=&#8221;off&#8221; da_dark_close=&#8221;off&#8221; da_not_modal=&#8221;on&#8221; da_is_singular=&#8221;off&#8221; da_with_loader=&#8221;off&#8221; da_has_shadow=&#8221;on&#8221;][et_pb_row column_structure=&#8221;1_2,1_2&#8243; use_custom_gutter=&#8221;on&#8221; make_equal=&#8221;on&#8221; _builder_version=&#8221;4.16&#8243; max_width=&#8221;4000px&#8221; global_colors_info=&#8221;{}&#8221;][et_pb_column type=&#8221;1_2&#8243; _builder_version=&#8221;4.16&#8243; global_colors_info=&#8221;{}&#8221;][et_pb_text module_class=&#8221;miniheadline&#8221; _builder_version=&#8221;4.16&#8243; positioning=&#8221;absolute&#8221; vertical_offset=&#8221;75px&#8221; position_origin_a_tablet=&#8221;&#8221; position_origin_a_phone=&#8221;&#8221; position_origin_a_last_edited=&#8221;on|tablet&#8221; position_origin_f_tablet=&#8221;&#8221; position_origin_f_phone=&#8221;&#8221; position_origin_f_last_edited=&#8221;on|desktop&#8221; position_origin_r_tablet=&#8221;&#8221; position_origin_r_phone=&#8221;&#8221; position_origin_r_last_edited=&#8221;on|desktop&#8221; width=&#8221;100%&#8221; positioning_tablet=&#8221;none&#8221; positioning_phone=&#8221;&#8221; positioning_last_edited=&#8221;on|phone&#8221; global_colors_info=&#8221;{}&#8221;]\n<h2>Impressum<\/h2>\n[\/et_pb_text][\/et_pb_column][et_pb_column type=&#8221;1_2&#8243; module_class=&#8221;infospalte&#8221; _builder_version=&#8221;4.16&#8243; custom_padding=&#8221;||||false|false&#8221; global_colors_info=&#8221;{}&#8221;][et_pb_text _builder_version=&#8221;4.16&#8243; background_size=&#8221;initial&#8221; background_position=&#8221;top_left&#8221; background_repeat=&#8221;repeat&#8221; global_colors_info=&#8221;{}&#8221;]\n<p><strong>Federica Tabarretti<\/strong><br \/>Gentzgasse, 112 TOP 3-4<br \/>1180 Wien<br \/><strong>UID: <\/strong>ATU71422757<br \/><strong>FB-Gericht:<\/strong> Handelsgericht Wien<br \/><strong>Bankdaten:<\/strong><br \/>Federica Tabarretti:<br \/>AT86 2011 1821 5376 7600<br \/>GIBAATWWXXX<\/p>\n<h3>Copyright<\/h3>\n<p>Alle Fotos, Illustrationen, Texte, Audiofiles und Videos, die auf dieser Website ver\u00f6ffentlicht werden, sind urheberrechtlich gesch\u00fctzt. Ihre Verwendung ist nur mit schriftlicher Genehmigung der jeweiligen Urheber zul\u00e4ssig.<\/p>\n<h3>Haftungsausschluss<\/h3>\n<p>Trotz sorgf\u00e4ltiger inhaltlicher Kontrolle \u00fcbernehmen wir keine Haftung f\u00fcr die Richtigkeit, Vollst\u00e4ndigkeit und Aktualit\u00e4t unserer Webseite, sowie f\u00fcr die Inhalte externer Links. Von den Inhalten der verlinkten Seiten auf deren Gestaltung wir keinen Einfluss haben distanzieren wir uns ausdr\u00fccklich. Diese Erkl\u00e4rung gilt f\u00fcr alle auf den Webseiten angebrachten Links und f\u00fcr alle Inhalte der Seiten, zu denen Links oder Banner f\u00fchren. Hiermit wird dem E-Commerce Gesetz(ECG) vom 1.1.2000, \u00a75, Abs. 1 entsprochen.<\/p>\n<h3>Bilder<\/h3>\n<p>Produktbilder von Nadine Poncioni und Dominik Roitner.<\/p>\n[\/et_pb_text][\/et_pb_column][\/et_pb_row][et_pb_row column_structure=&#8221;1_2,1_2&#8243; use_custom_gutter=&#8221;on&#8221; make_equal=&#8221;on&#8221; _builder_version=&#8221;4.16&#8243; max_width=&#8221;4000px&#8221; global_colors_info=&#8221;{}&#8221;][et_pb_column type=&#8221;1_2&#8243; _builder_version=&#8221;4.16&#8243; global_colors_info=&#8221;{}&#8221;][et_pb_text module_class=&#8221;miniheadline&#8221; _builder_version=&#8221;4.16&#8243; positioning=&#8221;absolute&#8221; vertical_offset=&#8221;75px&#8221; position_origin_a_tablet=&#8221;&#8221; position_origin_a_phone=&#8221;&#8221; position_origin_a_last_edited=&#8221;on|tablet&#8221; position_origin_f_tablet=&#8221;&#8221; position_origin_f_phone=&#8221;&#8221; position_origin_f_last_edited=&#8221;on|desktop&#8221; position_origin_r_tablet=&#8221;&#8221; position_origin_r_phone=&#8221;&#8221; position_origin_r_last_edited=&#8221;on|desktop&#8221; width=&#8221;100%&#8221; positioning_tablet=&#8221;none&#8221; positioning_phone=&#8221;&#8221; positioning_last_edited=&#8221;on|phone&#8221; global_colors_info=&#8221;{}&#8221;]\n<h2>Daten\u00adschutz\u00aderkl\u00e4rung<\/h2>\n[\/et_pb_text][\/et_pb_column][et_pb_column type=&#8221;1_2&#8243; module_class=&#8221;infospalte&#8221; _builder_version=&#8221;4.16&#8243; custom_padding=&#8221;||||false|false&#8221; global_colors_info=&#8221;{}&#8221;][et_pb_text _builder_version=&#8221;4.16.0&#8243; background_size=&#8221;initial&#8221; background_position=&#8221;top_left&#8221; background_repeat=&#8221;repeat&#8221; min_height=&#8221;100vh&#8221; global_colors_info=&#8221;{}&#8221;]\n<h3>Geltungsbereich<\/h3>\n<p>Diese Datenschutzerkl\u00e4rung kl\u00e4rt Nutzer \u00fcber die Art, den Umfang und Zwecke der Erhebung und Verwendung personenbezogener Daten durch den verantwortlichen Anbieter auf dieser Website (im folgenden \u201cAngebot\u201d) auf. Die rechtlichen Grundlagen des Datenschutzes finden sich im Bundesdatenschutzgesetz (BDSG).<\/p>\n<hr>\n<h3>Cookies<\/h3>\n<p>Unsere Website verwendet so genannte Cookies. Dabei handelt es sich um kleine Textdateien, die mit Hilfe des Browsers auf Ihrem Endger\u00e4t abgelegt werden. Sie richten keinen Schaden an.<br \/>Einige Cookies bleiben auf Ihrem Endger\u00e4t gespeichert, bis Sie diese l\u00f6schen. Sie erm\u00f6glichen es uns, Ihren Browser beim n\u00e4chsten Besuch wiederzuerkennen.<br \/>Wenn Sie dies nicht w\u00fcnschen, so k\u00f6nnen Sie Ihren Browser so einrichten, dass er Sie \u00fcber das Setzen von Cookies informiert und Sie dies nur im Einzelfall erlauben.<br \/>Bei der Deaktivierung von Cookies kann die Funktionalit\u00e4t unserer Website eingeschr\u00e4nkt sein.<\/p>\n<hr>\n<h3>Zugriffsdaten\/ Server-Logfiles<\/h3>\n<p>Der Anbieter (beziehungsweise sein Webspace-Provider) erhebt Daten \u00fcber jeden Zugriff auf das Angebot (so genannte Serverlogfiles). Zu den Zugriffsdaten geh\u00f6ren: Name der abgerufenen Webseite, Datei, Datum und Uhrzeit des Abrufs, \u00fcbertragene Datenmenge, Meldung \u00fcber erfolgreichen Abruf, Browsertyp nebst Version, das Betriebssystem des Nutzers, Referrer URL (die zuvor besuchte Seite), IP-Adresse und der anfragende Provider. Der Anbieter verwendet die Protokolldaten nur f\u00fcr statistische Auswertungen zum Zweck des Betriebs, der Sicherheit und der Optimierung des Angebotes. Der Anbieterbeh\u00e4lt sich jedoch vor, die Protokolldaten nachtr\u00e4glich zu \u00fcberpr\u00fcfen, wenn aufgrund konkreter Anhaltspunkte der berechtigte Verdacht einer rechtswidrigen Nutzung besteht.<\/p>\n<hr>\n<h3>Umgang mit personenbezogenen Daten<\/h3>\n<p>Personenbezogene Daten sind Informationen, mit deren Hilfe eine Person bestimmbar ist, also Angaben, die zur\u00fcck zu einer Person verfolgt werden k\u00f6nnen. Dazu geh\u00f6ren der Name, die Emailadresse oder die Telefonnummer. Aber auch Daten \u00fcber Vorlieben, Hobbies, Mitgliedschaften oder welche Webseiten von jemandem angesehen wurden z\u00e4hlen zu personenbezogenen Daten. Personenbezogene Daten werden von dem Anbieter nur dann erhoben, genutzt und weiter gegeben, wenn dies gesetzlich erlaubt ist oder die Nutzer in die Datenerhebung einwilligen.<\/p>\n<hr>\n<h3>Kontaktaufnahme<\/h3>\n<p>Bei der Kontaktaufnahme mit dem Anbieter (zum Beispiel per Kontaktformular oder E-Mail) werden die Angaben des Nutzers zwecks Bearbeitung der Anfrage sowie f\u00fcr den Fall, dass Anschlussfragen entstehen, gespeichert.<\/p>\n<hr>\n<h3>Einbindung von Diensten und Inhalten Dritter<\/h3>\n<p>Es kann vorkommen, dass innerhalb dieses Onlineangebotes Inhalte Dritter, wie zum Beispiel Videos von YouTube, Kartenmaterial von Google-Maps, RSS-Feeds oder Grafiken von anderen Webseiten eingebunden werden. Dies setzt immer voraus, dass die Anbieter dieser Inhalte (nachfolgend bezeichnet als \u201cDritt-Anbieter\u201d) die IP-Adresse der Nutzer wahr nehmen. Denn ohne die IP-Adresse, k\u00f6nnten sie die Inhalte nicht an den Browser des jeweiligen Nutzers senden. Die IP-Adresse ist damit f\u00fcr die Darstellung dieser Inhalte erforderlich. Wir bem\u00fchen uns nur solche Inhalte zu verwenden, deren jeweilige Anbieter die IP-Adresse lediglich zur Auslieferung der Inhalte verwenden. Jedoch haben wir keinen Einfluss darauf, falls die Dritt-Anbieter die IP-Adresse z.B. f\u00fcr statistische Zwecke speichern. Soweit dies uns bekannt ist, kl\u00e4ren wir die Nutzer dar\u00fcber auf.<\/p>\n<hr>\n<h3>Google Analytics<\/h3>\n<p>Dieses Angebot benutzt Google Analytics, einen Webanalysedienst der Google Inc. (\u201cGoogle\u201d). Google Analytics verwendet sog. \u201cCookies\u201d, Textdateien, die auf Computer der Nutzer gespeichert werden und die eine Analyse der Benutzung der Website durch sie erm\u00f6glichen. Auch Google Remarketing nutzt \u201cCookies\u201d, Textdateien, die auf Ihrem Computer gespeichert werden, um eine zielgerichtetere Anzeigenschaltung zu erm\u00f6glichen. Die durch den Cookie erzeugten Informationen \u00fcber Benutzung dieser Website durch die Nutzer werden in der Regel an einen Server von Google in den USA \u00fcbertragen und dort gespeichert. Im Falle der Aktivierung der IP-Anonymisierung auf dieser Webseite, wird die IP-Adresse der Nutzer von Google jedoch innerhalb von Mitgliedstaaten der Europ\u00e4ischen Union oder in anderen Vertragsstaaten des Abkommens \u00fcber den Europ\u00e4ischen Wirtschaftsraum zuvor gek\u00fcrzt. Nur in Ausnahmef\u00e4llen wird die volle IP-Adresse an einen Server von Google in den USA \u00fcbertragen und dort gek\u00fcrzt. Die IP-Anonymisierung ist auf dieser Website aktiv. Im Auftrag des Betreibers dieser Website wird Google diese Informationen benutzen, um die Nutzung der Website durch die Nutzer auszuwerten, um Reports \u00fcber die Websiteaktivit\u00e4ten zusammenzustellen und um weitere mit der Websitenutzung und der Internetnutzung verbundene Dienstleistungen gegen\u00fcber dem Websitebetreiber zu erbringen. Die im Rahmen von Google Analytics von Ihrem Browser \u00fcbermittelte IP-Adresse wird nicht mit anderen Daten von Google zusammengef\u00fchrt. Die Nutzer k\u00f6nnen die Speicherung der Cookies durch eine entsprechende Einstellung Ihrer Browser-Software verhindern; Dieses Angebot weist die Nutzer jedoch darauf hin, dass Sie in diesem Fall gegebenenfalls nicht s\u00e4mtliche Funktionen dieser Website vollumf\u00e4nglich werden nutzen k\u00f6nnen. Die Nutzer k\u00f6nnen dar\u00fcber hinaus die Erfassung der durch das Cookie erzeugten und auf ihre Nutzung der Website bezogenen Daten (inkl. Ihrer IP-Adresse) an Google sowie die Verarbeitung dieser Daten durch Google verhindern, indem sie das unter dem folgenden Link verf\u00fcgbare Browser-Plugin herunterladen und installieren:<a href=\"http:\/\/tools.google.com\/dlpage\/gaoptout?hl=de\" target=\"_blank\" rel=\"noopener noreferrer\">http:\/\/tools.<wbr><\/wbr>google.com\/dlpage\/gaoptout?hl=<wbr><\/wbr>de<\/a>. Alternativ zum Browser-Add-On oder innerhalb von Browsern auf mobilen Ger\u00e4ten, klicken Sie auf <a>\u201cDeaktivieren\u201d<\/a>, um die Erfassung durch Google Analytics innerhalb dieser Website zuk\u00fcnftig zu verhindern. Dabei wird ein Opt-Out-Cookie auf Ihrem Ger\u00e4t abgelegt. L\u00f6schen Sie Ihre Cookies, m\u00fcssen Sie diesen Link erneut klicken.<\/p>\n<hr>\n<h3>Widerruf, \u00c4nderungen, Berichtigungen und Aktualisierungen<\/h3>\n<p>Der Nutzer hat das Recht, auf Antrag unentgeltlich Auskunft zu erhalten \u00fcber die personenbezogenen Daten, die \u00fcber ihn gespeichert wurden. Zus\u00e4tzlich hat der Nutzer das Recht auf Berichtigung unrichtiger Daten, Sperrung und L\u00f6schung seiner personenbezogenen Daten, soweit dem keine gesetzliche Aufbewahrungspflicht entgegensteht.<\/p>\n<hr>\n<h3>Disclaimer<\/h3>\n<p><strong>Haftung f\u00fcr Inhalte<\/strong><\/p>\n<p>Die Inhalte unserer Seiten wurden mit gr\u00f6\u00dfter Sorgfalt erstellt. F\u00fcr die Richtigkeit, Vollst\u00e4ndigkeit und Aktualit\u00e4t der Inhalte k\u00f6nnen wir jedoch keine Gew\u00e4hr \u00fcbernehmen. Als Diensteanbieter sind wir f\u00fcr eigene Inhalte auf diesen Seiten nach den allgemeinen Gesetzen verantwortlich. Diensteanbieter sind jedoch nicht verpflichtet, die von ihnen \u00fcbermittelten oder gespeicherten fremden Informationen zu \u00fcberwachen oder nach Umst\u00e4nden zu forschen, die auf eine rechtswidrige T\u00e4tigkeit hinweisen. Verpflichtungen zur Entfernung oder Sperrung der Nutzung von Informationen nach den allgemeinen Gesetzen bleiben hiervon unber\u00fchrt. Eine diesbez\u00fcgliche Haftung ist jedoch erst ab dem Zeitpunkt der Kenntnis einer konkreten Rechtsverletzung m\u00f6glich. Bei bekannt werden von entsprechenden Rechtsverletzungen werden wir diese Inhalte umgehend entfernen.<\/p>\n<p><strong>Haftung f\u00fcr Links<\/strong><\/p>\n<p>Unser Angebot enth\u00e4lt Links zu externen Webseiten Dritter, auf deren Inhalte wir keinen Einfluss haben. Deshalb k\u00f6nnen wir f\u00fcr diese fremden Inhalte auch keine Gew\u00e4hr \u00fcbernehmen. F\u00fcr die Inhalte der verlinkten Seiten ist stets der jeweilige Anbieter oder Betreiber der Seiten verantwortlich. Die verlinkten Seiten wurden zum Zeitpunkt der Verlinkung auf m\u00f6gliche Rechtsverst\u00f6\u00dfe \u00fcberpr\u00fcft. Rechtswidrige Inhalte waren zum Zeitpunkt der Verlinkung nicht erkennbar. Eine permanente inhaltliche Kontrolle der verlinkten Seiten ist jedoch ohne konkrete Anhaltspunkte einer Rechtsverletzung nicht zumutbar. Bei bekannt werden von Rechtsverletzungen werden wir derartige Links umgehend entfernen.<\/p>\n[\/et_pb_text][\/et_pb_column][\/et_pb_row][\/et_pb_section]\n","protected":false},"excerpt":{"rendered":"<p>ImpressumFederica TabarrettiGentzgasse, 112 TOP 3-41180 WienUID: ATU71422757FB-Gericht: Handelsgericht WienBankdaten:Federica Tabarretti:AT86 2011 1821 5376 7600GIBAATWWXXX Copyright Alle Fotos, Illustrationen, Texte, Audiofiles und Videos, die auf dieser Website ver\u00f6ffentlicht werden, sind urheberrechtlich gesch\u00fctzt. Ihre Verwendung ist nur mit schriftlicher Genehmigung der jeweiligen Urheber zul\u00e4ssig. Haftungsausschluss Trotz sorgf\u00e4ltiger inhaltlicher Kontrolle \u00fcbernehmen wir keine Haftung f\u00fcr die Richtigkeit, Vollst\u00e4ndigkeit [&hellip;]<\/p>\n","protected":false},"author":1,"featured_media":0,"parent":0,"menu_order":0,"comment_status":"closed","ping_status":"open","template":"","meta":{"_et_pb_use_builder":"on","_et_pb_old_content":"","_et_gb_content_width":"","om_disable_all_campaigns":false,"inline_featured_image":false,"_monsterinsights_skip_tracking":false,"_monsterinsights_sitenote_active":false,"_monsterinsights_sitenote_note":"","_monsterinsights_sitenote_category":0,"footnotes":""},"class_list":["post-5023","page","type-page","status-publish","hentry"],"yoast_head":"<!-- This site is optimized with the Yoast SEO plugin v21.1 - https:\/\/yoast.com\/wordpress\/plugins\/seo\/ -->\n<title>Imprint &amp; GDPR (german) - Federica Tabarretti<\/title>\n<meta name=\"robots\" content=\"noindex, follow, max-snippet:-1, max-image-preview:large, max-video-preview:-1\" \/>\n<meta property=\"og:locale\" content=\"en_US\" \/>\n<meta property=\"og:type\" content=\"article\" \/>\n<meta property=\"og:title\" content=\"Imprint &amp; GDPR (german) - Federica Tabarretti\" \/>\n<meta property=\"og:description\" content=\"ImpressumFederica TabarrettiGentzgasse, 112 TOP 3-41180 WienUID: ATU71422757FB-Gericht: Handelsgericht WienBankdaten:Federica Tabarretti:AT86 2011 1821 5376 7600GIBAATWWXXX Copyright Alle Fotos, Illustrationen, Texte, Audiofiles und Videos, die auf dieser Website ver\u00f6ffentlicht werden, sind urheberrechtlich gesch\u00fctzt. Ihre Verwendung ist nur mit schriftlicher Genehmigung der jeweiligen Urheber zul\u00e4ssig. Haftungsausschluss Trotz sorgf\u00e4ltiger inhaltlicher Kontrolle \u00fcbernehmen wir keine Haftung f\u00fcr die Richtigkeit, Vollst\u00e4ndigkeit [&hellip;]\" \/>\n<meta property=\"og:url\" content=\"https:\/\/federica-shop.castek.at\/en\/impressum-datenschutzerklaerung\/\" \/>\n<meta property=\"og:site_name\" content=\"Federica Tabarretti\" \/>\n<meta property=\"article:modified_time\" content=\"2024-06-05T11:35:09+00:00\" \/>\n<meta name=\"twitter:card\" content=\"summary_large_image\" \/>\n<meta name=\"twitter:label1\" content=\"Est. reading time\" \/>\n\t<meta name=\"twitter:data1\" content=\"9 minutes\" \/>\n<script type=\"application\/ld+json\" class=\"yoast-schema-graph\">{\"@context\":\"https:\/\/schema.org\",\"@graph\":[{\"@type\":\"WebPage\",\"@id\":\"https:\/\/federica-shop.castek.at\/en\/impressum-datenschutzerklaerung\/\",\"url\":\"https:\/\/federica-shop.castek.at\/en\/impressum-datenschutzerklaerung\/\",\"name\":\"Imprint &amp; GDPR (german) - Federica Tabarretti\",\"isPartOf\":{\"@id\":\"https:\/\/federica-shop.castek.at\/en\/#website\"},\"datePublished\":\"2020-06-26T11:47:48+00:00\",\"dateModified\":\"2024-06-05T11:35:09+00:00\",\"breadcrumb\":{\"@id\":\"https:\/\/federica-shop.castek.at\/en\/impressum-datenschutzerklaerung\/#breadcrumb\"},\"inLanguage\":\"en-US\",\"potentialAction\":[{\"@type\":\"ReadAction\",\"target\":[\"https:\/\/federica-shop.castek.at\/en\/impressum-datenschutzerklaerung\/\"]}]},{\"@type\":\"BreadcrumbList\",\"@id\":\"https:\/\/federica-shop.castek.at\/en\/impressum-datenschutzerklaerung\/#breadcrumb\",\"itemListElement\":[{\"@type\":\"ListItem\",\"position\":1,\"name\":\"Home Couture\",\"item\":\"https:\/\/federica-shop.castek.at\/en\/home-couture\/\"},{\"@type\":\"ListItem\",\"position\":2,\"name\":\"Imprint &amp; GDPR (german)\"}]},{\"@type\":\"WebSite\",\"@id\":\"https:\/\/federica-shop.castek.at\/en\/#website\",\"url\":\"https:\/\/federica-shop.castek.at\/en\/\",\"name\":\"Federica Tabarretti\",\"description\":\"Home Couture made in Italy\",\"publisher\":{\"@id\":\"https:\/\/federica-shop.castek.at\/en\/#organization\"},\"alternateName\":\"federica\",\"potentialAction\":[{\"@type\":\"SearchAction\",\"target\":{\"@type\":\"EntryPoint\",\"urlTemplate\":\"https:\/\/federica-shop.castek.at\/en\/?s={search_term_string}\"},\"query-input\":\"required name=search_term_string\"}],\"inLanguage\":\"en-US\"},{\"@type\":\"Organization\",\"@id\":\"https:\/\/federica-shop.castek.at\/en\/#organization\",\"name\":\"Federica Tabarretti\",\"url\":\"https:\/\/federica-shop.castek.at\/en\/\",\"logo\":{\"@type\":\"ImageObject\",\"inLanguage\":\"en-US\",\"@id\":\"https:\/\/federica-shop.castek.at\/en\/#\/schema\/logo\/image\/\",\"url\":\"https:\/\/federica-shop.castek.at\/wp-content\/uploads\/2020\/10\/Federica-Tabarretti-Logo.png\",\"contentUrl\":\"https:\/\/federica-shop.castek.at\/wp-content\/uploads\/2020\/10\/Federica-Tabarretti-Logo.png\",\"width\":1550,\"height\":1104,\"caption\":\"Federica Tabarretti\"},\"image\":{\"@id\":\"https:\/\/federica-shop.castek.at\/en\/#\/schema\/logo\/image\/\"},\"sameAs\":[\"https:\/\/www.instagram.com\/federica_tabarretti\/?hl=de\"]}]}<\/script>\n<!-- \/ Yoast SEO plugin. -->","yoast_head_json":{"title":"Imprint &amp; GDPR (german) - Federica Tabarretti","robots":{"index":"noindex","follow":"follow","max-snippet":"max-snippet:-1","max-image-preview":"max-image-preview:large","max-video-preview":"max-video-preview:-1"},"og_locale":"en_US","og_type":"article","og_title":"Imprint &amp; GDPR (german) - Federica Tabarretti","og_description":"ImpressumFederica TabarrettiGentzgasse, 112 TOP 3-41180 WienUID: ATU71422757FB-Gericht: Handelsgericht WienBankdaten:Federica Tabarretti:AT86 2011 1821 5376 7600GIBAATWWXXX Copyright Alle Fotos, Illustrationen, Texte, Audiofiles und Videos, die auf dieser Website ver\u00f6ffentlicht werden, sind urheberrechtlich gesch\u00fctzt. Ihre Verwendung ist nur mit schriftlicher Genehmigung der jeweiligen Urheber zul\u00e4ssig. Haftungsausschluss Trotz sorgf\u00e4ltiger inhaltlicher Kontrolle \u00fcbernehmen wir keine Haftung f\u00fcr die Richtigkeit, Vollst\u00e4ndigkeit [&hellip;]","og_url":"https:\/\/federica-shop.castek.at\/en\/impressum-datenschutzerklaerung\/","og_site_name":"Federica Tabarretti","article_modified_time":"2024-06-05T11:35:09+00:00","twitter_card":"summary_large_image","twitter_misc":{"Est. reading time":"9 minutes"},"schema":{"@context":"https:\/\/schema.org","@graph":[{"@type":"WebPage","@id":"https:\/\/federica-shop.castek.at\/en\/impressum-datenschutzerklaerung\/","url":"https:\/\/federica-shop.castek.at\/en\/impressum-datenschutzerklaerung\/","name":"Imprint &amp; GDPR (german) - Federica Tabarretti","isPartOf":{"@id":"https:\/\/federica-shop.castek.at\/en\/#website"},"datePublished":"2020-06-26T11:47:48+00:00","dateModified":"2024-06-05T11:35:09+00:00","breadcrumb":{"@id":"https:\/\/federica-shop.castek.at\/en\/impressum-datenschutzerklaerung\/#breadcrumb"},"inLanguage":"en-US","potentialAction":[{"@type":"ReadAction","target":["https:\/\/federica-shop.castek.at\/en\/impressum-datenschutzerklaerung\/"]}]},{"@type":"BreadcrumbList","@id":"https:\/\/federica-shop.castek.at\/en\/impressum-datenschutzerklaerung\/#breadcrumb","itemListElement":[{"@type":"ListItem","position":1,"name":"Home Couture","item":"https:\/\/federica-shop.castek.at\/en\/home-couture\/"},{"@type":"ListItem","position":2,"name":"Imprint &amp; GDPR (german)"}]},{"@type":"WebSite","@id":"https:\/\/federica-shop.castek.at\/en\/#website","url":"https:\/\/federica-shop.castek.at\/en\/","name":"Federica Tabarretti","description":"Home Couture made in Italy","publisher":{"@id":"https:\/\/federica-shop.castek.at\/en\/#organization"},"alternateName":"federica","potentialAction":[{"@type":"SearchAction","target":{"@type":"EntryPoint","urlTemplate":"https:\/\/federica-shop.castek.at\/en\/?s={search_term_string}"},"query-input":"required name=search_term_string"}],"inLanguage":"en-US"},{"@type":"Organization","@id":"https:\/\/federica-shop.castek.at\/en\/#organization","name":"Federica Tabarretti","url":"https:\/\/federica-shop.castek.at\/en\/","logo":{"@type":"ImageObject","inLanguage":"en-US","@id":"https:\/\/federica-shop.castek.at\/en\/#\/schema\/logo\/image\/","url":"https:\/\/federica-shop.castek.at\/wp-content\/uploads\/2020\/10\/Federica-Tabarretti-Logo.png","contentUrl":"https:\/\/federica-shop.castek.at\/wp-content\/uploads\/2020\/10\/Federica-Tabarretti-Logo.png","width":1550,"height":1104,"caption":"Federica Tabarretti"},"image":{"@id":"https:\/\/federica-shop.castek.at\/en\/#\/schema\/logo\/image\/"},"sameAs":["https:\/\/www.instagram.com\/federica_tabarretti\/?hl=de"]}]}},"_links":{"self":[{"href":"https:\/\/federica-shop.castek.at\/en\/wp-json\/wp\/v2\/pages\/5023","targetHints":{"allow":["GET"]}}],"collection":[{"href":"https:\/\/federica-shop.castek.at\/en\/wp-json\/wp\/v2\/pages"}],"about":[{"href":"https:\/\/federica-shop.castek.at\/en\/wp-json\/wp\/v2\/types\/page"}],"author":[{"embeddable":true,"href":"https:\/\/federica-shop.castek.at\/en\/wp-json\/wp\/v2\/users\/1"}],"replies":[{"embeddable":true,"href":"https:\/\/federica-shop.castek.at\/en\/wp-json\/wp\/v2\/comments?post=5023"}],"version-history":[{"count":8,"href":"https:\/\/federica-shop.castek.at\/en\/wp-json\/wp\/v2\/pages\/5023\/revisions"}],"predecessor-version":[{"id":5484,"href":"https:\/\/federica-shop.castek.at\/en\/wp-json\/wp\/v2\/pages\/5023\/revisions\/5484"}],"wp:attachment":[{"href":"https:\/\/federica-shop.castek.at\/en\/wp-json\/wp\/v2\/media?parent=5023"}],"curies":[{"name":"wp","href":"https:\/\/api.w.org\/{rel}","templated":true}]}}